{"id":161,"date":"2024-01-17T04:52:53","date_gmt":"2024-01-17T04:52:53","guid":{"rendered":"https:\/\/www.momentfisio.cat\/acerca-de-mi\/"},"modified":"2024-08-23T12:37:10","modified_gmt":"2024-08-23T12:37:10","slug":"acerca-de-mi","status":"publish","type":"page","link":"https:\/\/www.momentfisio.cat\/es\/acerca-de-mi\/","title":{"rendered":"Acerca de m\u00ed"},"content":{"rendered":"<p>[et_pb_section fb_built=\u00bb1&#8243; _builder_version=\u00bb4.23.4&#8243; _module_preset=\u00bbdefault\u00bb background_image=\u00bbhttps:\/\/www.momentfisio.cat\/wp-content\/uploads\/2024\/01\/fons-intro.png\u00bb background_size=\u00bbinitial\u00bb background_position=\u00bbbottom_center\u00bb background_last_edited=\u00bbon|phone\u00bb background_size_phone=\u00bbcover\u00bb global_colors_info=\u00bb{}\u00bb][et_pb_row column_structure=\u00bb1_4,1_2,1_4&#8243; _builder_version=\u00bb4.23.4&#8243; _module_preset=\u00bbdefault\u00bb custom_margin=\u00bb52px|auto|32px|auto|false|false\u00bb global_colors_info=\u00bb{}\u00bb][et_pb_column type=\u00bb1_4&#8243; _builder_version=\u00bb4.23.4&#8243; _module_preset=\u00bbdefault\u00bb global_colors_info=\u00bb{}\u00bb][\/et_pb_column][et_pb_column type=\u00bb1_2&#8243; _builder_version=\u00bb4.23.4&#8243; _module_preset=\u00bbdefault\u00bb global_colors_info=\u00bb{}\u00bb][et_pb_text _builder_version=\u00bb4.23.4&#8243; _module_preset=\u00bbdefault\u00bb header_text_align=\u00bbcenter\u00bb header_text_color=\u00bb#FFFFFF\u00bb header_font_size=\u00bb70px\u00bb header_line_height=\u00bb1.1em\u00bb header_2_text_align=\u00bbcenter\u00bb header_2_text_color=\u00bb#FFFFFF\u00bb header_2_font_size=\u00bb22px\u00bb header_font_size_tablet=\u00bb70px\u00bb header_font_size_phone=\u00bb50px\u00bb header_font_size_last_edited=\u00bbon|phone\u00bb global_colors_info=\u00bb{}\u00bb]<\/p>\n<h1>Acerca de m\u00ed<\/h1>\n<h2><\/h2>\n<p>&nbsp;<\/p>\n<p>&nbsp;<\/p>\n<p>[\/et_pb_text][\/et_pb_column][et_pb_column type=\u00bb1_4&#8243; _builder_version=\u00bb4.23.4&#8243; _module_preset=\u00bbdefault\u00bb global_colors_info=\u00bb{}\u00bb][\/et_pb_column][\/et_pb_row][\/et_pb_section][et_pb_section fb_built=\u00bb1&#8243; custom_padding_last_edited=\u00bbon|phone\u00bb module_id=\u00bbobstetrica\u00bb _builder_version=\u00bb4.23.4&#8243; _module_preset=\u00bbdefault\u00bb background_color=\u00bbrgba(255,255,255,0.59)\u00bb background_image=\u00bbhttps:\/\/www.momentfisio.cat\/wp-content\/uploads\/2024\/08\/Moment_sobre-mi.png\u00bb background_size=\u00bbinitial\u00bb background_position=\u00bbbottom_right\u00bb background_blend=\u00bbscreen\u00bb custom_margin=\u00bb69px||||false|false\u00bb custom_padding=\u00bb105px||164px|||\u00bb custom_padding_tablet=\u00bb279px||193px|||\u00bb custom_padding_phone=\u00bb0px||258px||false|false\u00bb hover_enabled=\u00bb0&#8243; background_last_edited=\u00bbon|phone\u00bb background_enable_color_phone=\u00bboff\u00bb background_image_phone=\u00bbhttps:\/\/www.momentfisio.cat\/wp-content\/uploads\/2024\/01\/fons-imatges-fisioMesa-de-trabajo-13-100.jpg\u00bb background_enable_image_phone=\u00bbon\u00bb background_size_phone=\u00bbcontain\u00bb background_position_phone=\u00bbbottom_center\u00bb background_vertical_offset_phone=\u00bb0%\u00bb global_colors_info=\u00bb{}\u00bb title_text=\u00bbMoment_sobre-mi\u00bb background_horizontal_offset=\u00bb-19%\u00bb sticky_enabled=\u00bb0&#8243;][et_pb_row column_structure=\u00bb2_5,3_5&#8243; _builder_version=\u00bb4.23.4&#8243; _module_preset=\u00bbdefault\u00bb custom_margin=\u00bb-71px|auto||auto||\u00bb custom_margin_tablet=\u00bb\u00bb custom_margin_phone=\u00bb||-54px||false|false\u00bb custom_margin_last_edited=\u00bbon|phone\u00bb global_colors_info=\u00bb{}\u00bb][et_pb_column type=\u00bb2_5&#8243; _builder_version=\u00bb4.23.4&#8243; _module_preset=\u00bbdefault\u00bb global_colors_info=\u00bb{}\u00bb][et_pb_text _builder_version=\u00bb4.23.4&#8243; _module_preset=\u00bbdefault\u00bb header_2_text_color=\u00bb#000000&#8243; header_2_font_size=\u00bb60px\u00bb header_2_line_height=\u00bb1.2em\u00bb header_4_text_color=\u00bb#00A8AE\u00bb header_4_font_size=\u00bb30px\u00bb header_4_line_height=\u00bb1.4em\u00bb custom_margin=\u00bb67px||||false|false\u00bb custom_margin_tablet=\u00bb-49px||||false|false\u00bb custom_margin_phone=\u00bb66px|0px|||false|false\u00bb custom_margin_last_edited=\u00bbon|phone\u00bb header_2_font_size_tablet=\u00bb60px\u00bb header_2_font_size_phone=\u00bb48px\u00bb header_2_font_size_last_edited=\u00bbon|phone\u00bb global_colors_info=\u00bb{}\u00bb]<\/p>\n<h2>Trayectoria profesional<\/h2>\n<p>&nbsp;<\/p>\n<h4>Mi nombre es M\u00f2nica Corredera Toledo, me diplom\u00e9 en fisioterapia en la Universidad de Girona en 2009<\/h4>\n<p>&nbsp;<\/p>\n<p>Desde entonces he estado trabajando en distintas consultas privadas, en un entorno siempre relacionado con la fisioterapia traumatol\u00f3gica y los procesos de rehabilitaci\u00f3n de diferentes lesiones deportivas as\u00ed como patolog\u00edas de espalda.<\/p>\n<p>Soy una persona cercana y emp\u00e1tica, por eso en los tratamientos a camilla apuesto por tratar al individuo en su globalidad desde la terapia manual, intentando encontrar el origen del problema en vez de tratar s\u00f3lo la zona dolorida (ya que podr\u00eda ser compensaci\u00f3n secundaria a la lesi\u00f3n inicial).<\/p>\n<p>&nbsp;<\/p>\n<p>[\/et_pb_text][\/et_pb_column][et_pb_column type=\u00bb3_5&#8243; _builder_version=\u00bb4.23.4&#8243; _module_preset=\u00bbdefault\u00bb custom_padding=\u00bb272px||||false|false\u00bb custom_padding_tablet=\u00bb272px||||false|false\u00bb custom_padding_phone=\u00bb0px||||false|false\u00bb custom_padding_last_edited=\u00bbon|desktop\u00bb global_colors_info=\u00bb{}\u00bb][et_pb_blurb use_icon=\u00bbon\u00bb font_icon=\u00bb&#xe046;||divi||400&#8243; icon_color=\u00bb#A5D6D1&#8243; image_icon_background_color=\u00bbRGBA(255,255,255,0)\u00bb icon_placement=\u00bbleft\u00bb _builder_version=\u00bb4.23.4&#8243; _module_preset=\u00bbdefault\u00bb background_color=\u00bb#FFFFFF\u00bb custom_margin=\u00bb-3px||-3px||true|false\u00bb custom_padding=\u00bb28px||28px|0px|true|false\u00bb custom_padding_tablet=\u00bb20px||20px||true|false\u00bb custom_padding_phone=\u00bb20px|21px|20px|21px|true|false\u00bb custom_padding_last_edited=\u00bbon|phone\u00bb border_radii=\u00bbon|20px|20px|20px|20px\u00bb box_shadow_style=\u00bbpreset1&#8243; box_shadow_spread=\u00bb-4px\u00bb global_colors_info=\u00bb{}\u00bb]<\/p>\n<p><strong>En 2016, empec\u00e9 a ampliar conocimientos en fisioterapia obst\u00e9trica y uroginecol\u00f3gica con diversas formaciones<\/strong>, centr\u00e1ndome primero en todo lo que estaba relacionado con el mundo de la patolog\u00eda p\u00e9lvica (incontinencias urinarias, prolapsos, hiperton\u00edas&#8230;) y siguiendo despu\u00e9s con el del embarazo: terapia manual espec\u00edfica por dolencias que salen a lo largo de la gestaci\u00f3n, ejercicios para mantenerse en forma y mejorar la movilidad p\u00e9lvica, ejercicios para trabajar la musculatura profunda y mejorar la conciencia postural&#8230;<\/p>\n<p>[\/et_pb_blurb][et_pb_blurb use_icon=\u00bbon\u00bb font_icon=\u00bb&#xe046;||divi||400&#8243; icon_color=\u00bb#A5D6D1&#8243; image_icon_background_color=\u00bbRGBA(255,255,255,0)\u00bb icon_placement=\u00bbleft\u00bb _builder_version=\u00bb4.23.4&#8243; _module_preset=\u00bbdefault\u00bb background_color=\u00bb#FFFFFF\u00bb custom_margin=\u00bb27px||-3px||false|false\u00bb custom_padding=\u00bb28px||28px|0px|false|false\u00bb custom_padding_tablet=\u00bb20px||20px||true|false\u00bb custom_padding_phone=\u00bb20px|21px|20px|21px|true|false\u00bb custom_padding_last_edited=\u00bbon|phone\u00bb border_radii=\u00bbon|20px|20px|20px|20px\u00bb box_shadow_style=\u00bbpreset1&#8243; box_shadow_spread=\u00bb-4px\u00bb global_colors_info=\u00bb{}\u00bb]<\/p>\n<p><strong>Despu\u00e9s de un tiempo trabajando m\u00e1s con mujeres embarazadas, vi que hay muy poca informaci\u00f3n de lo que se puede hacer tanto durante el embarazo como en el postparto<\/strong> . Muchas chicas quer\u00edan volver a la actividad f\u00edsica despu\u00e9s de ser madres y no sab\u00edan a qui\u00e9n dirigirse para ello; por eso decid\u00ed formarme en actividad f\u00edsica en el postparto y en el m\u00e9todo 5P (tronco propioceptivo o de euton\u00eda).<\/p>\n<p>[\/et_pb_blurb][et_pb_blurb use_icon=\u00bbon\u00bb font_icon=\u00bb&#xe046;||divi||400&#8243; icon_color=\u00bb#A5D6D1&#8243; image_icon_background_color=\u00bbRGBA(255,255,255,0)\u00bb icon_placement=\u00bbleft\u00bb _builder_version=\u00bb4.23.4&#8243; _module_preset=\u00bbdefault\u00bb background_color=\u00bb#FFFFFF\u00bb custom_margin=\u00bb27px||-3px||false|false\u00bb custom_padding=\u00bb28px||28px|0px|false|false\u00bb custom_padding_tablet=\u00bb20px||20px||true|false\u00bb custom_padding_phone=\u00bb20px|21px|20px|21px|true|false\u00bb custom_padding_last_edited=\u00bbon|phone\u00bb border_radii=\u00bbon|20px|20px|20px|20px\u00bb box_shadow_style=\u00bbpreset1&#8243; box_shadow_spread=\u00bb-4px\u00bb global_colors_info=\u00bb{}\u00bb]<\/p>\n<p><strong>Una vez dentro del mundo del postparto acabas encontr\u00e1ndote de caras con los hipopresivos, que hasta entonces era un mundo desconocido para m\u00ed.<\/strong>  Viendo que en este per\u00edodo es un tipo de ejercicio indispensable y que adem\u00e1s se pueden beneficiar tanto hombres como mujeres de todas las edades, decid\u00ed realizar la formaci\u00f3n completa de Low Pressure Fitness en Barcelona, \u200b\u200bsiguiendo la escuela de en Piti Pinsach.<\/p>\n<p>[\/et_pb_blurb][\/et_pb_column][\/et_pb_row][\/et_pb_section][et_pb_section fb_built=\u00bb1&#8243; module_id=\u00bbcita\u00bb _builder_version=\u00bb4.23.4&#8243; _module_preset=\u00bbdefault\u00bb background_color=\u00bbRGBA(255,255,255,0)\u00bb background_image=\u00bbhttps:\/\/www.momentfisio.cat\/wp-content\/uploads\/2024\/01\/fons-grisMesa-de-trabajo-14.png\u00bb background_size=\u00bbinitial\u00bb background_position=\u00bbtop_center\u00bb custom_margin=\u00bb-104px||||false|false\u00bb background_last_edited=\u00bbon|phone\u00bb background_size_phone=\u00bbcover\u00bb global_colors_info=\u00bb{}\u00bb][et_pb_row column_structure=\u00bb1_5,3_5,1_5&#8243; _builder_version=\u00bb4.23.4&#8243; _module_preset=\u00bbdefault\u00bb custom_margin=\u00bb116px|auto||auto||\u00bb global_colors_info=\u00bb{}\u00bb][et_pb_column type=\u00bb1_5&#8243; _builder_version=\u00bb4.23.4&#8243; _module_preset=\u00bbdefault\u00bb global_colors_info=\u00bb{}\u00bb][\/et_pb_column][et_pb_column type=\u00bb3_5&#8243; _builder_version=\u00bb4.23.4&#8243; _module_preset=\u00bbdefault\u00bb global_colors_info=\u00bb{}\u00bb][et_pb_text _builder_version=\u00bb4.23.4&#8243; _module_preset=\u00bbdefault\u00bb text_font=\u00bb|700|||||||\u00bb text_text_color=\u00bb#00A8AE\u00bb text_font_size=\u00bb70px\u00bb header_font_size=\u00bb36px\u00bb header_3_font_size=\u00bb60px\u00bb header_3_line_height=\u00bb1.1em\u00bb text_orientation=\u00bbcenter\u00bb custom_margin=\u00bb||5px|||\u00bb global_colors_info=\u00bb{}\u00bb]<\/p>\n<h3>Pide cita<\/h3>\n<p>[\/et_pb_text][et_pb_text _builder_version=\u00bb4.23.4&#8243; _module_preset=\u00bbdefault\u00bb global_colors_info=\u00bb{}\u00bb]<\/p>\n<p style=\"text-align: center;\">Estar\u00e9 encantada de programar una cita contigo para llevar a cabo una evaluaci\u00f3n detallada y hablar de las opciones de tratamiento. Mi prioridad es asegurarme de que te sientas c\u00f3modo y cuidado durante el proceso.<\/p>\n<p>[\/et_pb_text][\/et_pb_column][et_pb_column type=\u00bb1_5&#8243; _builder_version=\u00bb4.23.4&#8243; _module_preset=\u00bbdefault\u00bb global_colors_info=\u00bb{}\u00bb][\/et_pb_column][\/et_pb_row][et_pb_row column_structure=\u00bb1_3,1_3,1_3&#8243; _builder_version=\u00bb4.23.4&#8243; _module_preset=\u00bbdefault\u00bb custom_margin=\u00bb27px|auto||auto||\u00bb global_colors_info=\u00bb{}\u00bb][et_pb_column type=\u00bb1_3&#8243; _builder_version=\u00bb4.23.4&#8243; _module_preset=\u00bbdefault\u00bb global_colors_info=\u00bb{}\u00bb][et_pb_blurb title=\u00bbTel\u00e9fono de contacto\u00bb image=\u00bbhttps:\/\/www.momentfisio.cat\/wp-content\/uploads\/2024\/01\/icona_telefon.png\u00bb _builder_version=\u00bb4.23.4&#8243; _module_preset=\u00bbdefault\u00bb body_font_size=\u00bb20px\u00bb text_orientation=\u00bbcenter\u00bb global_colors_info=\u00bb{}\u00bb]<\/p>\n<p>649 57 72 40<\/p>\n<p>[\/et_pb_blurb][\/et_pb_column][et_pb_column type=\u00bb1_3&#8243; _builder_version=\u00bb4.23.4&#8243; _module_preset=\u00bbdefault\u00bb global_colors_info=\u00bb{}\u00bb][et_pb_blurb title=\u00bbDirecci\u00f3n electr\u00f3nica\u00bb image=\u00bbhttps:\/\/www.momentfisio.cat\/wp-content\/uploads\/2024\/01\/icona_mail.png\u00bb _builder_version=\u00bb4.23.4&#8243; _module_preset=\u00bbdefault\u00bb body_font_size=\u00bb20px\u00bb text_orientation=\u00bbcenter\u00bb global_colors_info=\u00bb{}\u00bb]<\/p>\n<p>info@momentfisio.cat<\/p>\n<p>[\/et_pb_blurb][\/et_pb_column][et_pb_column type=\u00bb1_3&#8243; _builder_version=\u00bb4.23.4&#8243; _module_preset=\u00bbdefault\u00bb global_colors_info=\u00bb{}\u00bb][et_pb_blurb title=\u00bbHorario\u00bb image=\u00bbhttps:\/\/www.momentfisio.cat\/wp-content\/uploads\/2024\/01\/icona_telefon.png\u00bb _builder_version=\u00bb4.23.4&#8243; _module_preset=\u00bbdefault\u00bb body_font_size=\u00bb20px\u00bb text_orientation=\u00bbcenter\u00bb global_colors_info=\u00bb{}\u00bb]<\/p>\n<p>de lunes a viernes<br \/>(horas a convenir)<\/p>\n<p>[\/et_pb_blurb][\/et_pb_column][\/et_pb_row][\/et_pb_section]<\/p>\n","protected":false},"excerpt":{"rendered":"<p>Acerca de m\u00ed &nbsp; &nbsp;Trayectoria profesional &nbsp; Mi nombre es M\u00f2nica Corredera Toledo, me diplom\u00e9 en fisioterapia en la Universidad de Girona en 2009 &nbsp; Desde entonces he estado trabajando en distintas consultas privadas, en un entorno siempre relacionado con la fisioterapia traumatol\u00f3gica y los procesos de rehabilitaci\u00f3n de diferentes lesiones deportivas as\u00ed como patolog\u00edas [&hellip;]<\/p>\n","protected":false},"author":1,"featured_media":0,"parent":0,"menu_order":0,"comment_status":"closed","ping_status":"closed","template":"","meta":{"_et_pb_use_builder":"on","_et_pb_old_content":"","_et_gb_content_width":"","footnotes":""},"class_list":["post-161","page","type-page","status-publish","hentry"],"yoast_head":"<!-- This site is optimized with the Yoast SEO plugin v27.4 - https:\/\/yoast.com\/product\/yoast-seo-wordpress\/ -->\n<title>Acerca de m\u00ed - Moment<\/title>\n<meta name=\"robots\" content=\"index, follow, max-snippet:-1, max-image-preview:large, max-video-preview:-1\" \/>\n<link rel=\"canonical\" href=\"https:\/\/www.momentfisio.cat\/es\/acerca-de-mi\/\" \/>\n<meta property=\"og:locale\" content=\"es_ES\" \/>\n<meta property=\"og:type\" content=\"article\" \/>\n<meta property=\"og:title\" content=\"Acerca de m\u00ed - Moment\" \/>\n<meta property=\"og:description\" content=\"Acerca de m\u00ed &nbsp; &nbsp;Trayectoria profesional &nbsp; Mi nombre es M\u00f2nica Corredera Toledo, me diplom\u00e9 en fisioterapia en la Universidad de Girona en 2009 &nbsp; Desde entonces he estado trabajando en distintas consultas privadas, en un entorno siempre relacionado con la fisioterapia traumatol\u00f3gica y los procesos de rehabilitaci\u00f3n de diferentes lesiones deportivas as\u00ed como patolog\u00edas [&hellip;]\" \/>\n<meta property=\"og:url\" content=\"https:\/\/www.momentfisio.cat\/es\/acerca-de-mi\/\" \/>\n<meta property=\"og:site_name\" content=\"Moment\" \/>\n<meta property=\"article:modified_time\" content=\"2024-08-23T12:37:10+00:00\" \/>\n<meta name=\"twitter:card\" content=\"summary_large_image\" \/>\n<meta name=\"twitter:label1\" content=\"Tiempo de lectura\" \/>\n\t<meta name=\"twitter:data1\" content=\"7 minutos\" \/>\n<script type=\"application\/ld+json\" class=\"yoast-schema-graph\">{\"@context\":\"https:\\\/\\\/schema.org\",\"@graph\":[{\"@type\":\"WebPage\",\"@id\":\"https:\\\/\\\/www.momentfisio.cat\\\/es\\\/acerca-de-mi\\\/\",\"url\":\"https:\\\/\\\/www.momentfisio.cat\\\/es\\\/acerca-de-mi\\\/\",\"name\":\"Acerca de m\u00ed - Moment\",\"isPartOf\":{\"@id\":\"https:\\\/\\\/www.momentfisio.cat\\\/es\\\/#website\"},\"datePublished\":\"2024-01-17T04:52:53+00:00\",\"dateModified\":\"2024-08-23T12:37:10+00:00\",\"breadcrumb\":{\"@id\":\"https:\\\/\\\/www.momentfisio.cat\\\/es\\\/acerca-de-mi\\\/#breadcrumb\"},\"inLanguage\":\"es\",\"potentialAction\":[{\"@type\":\"ReadAction\",\"target\":[\"https:\\\/\\\/www.momentfisio.cat\\\/es\\\/acerca-de-mi\\\/\"]}]},{\"@type\":\"BreadcrumbList\",\"@id\":\"https:\\\/\\\/www.momentfisio.cat\\\/es\\\/acerca-de-mi\\\/#breadcrumb\",\"itemListElement\":[{\"@type\":\"ListItem\",\"position\":1,\"name\":\"Inici\",\"item\":\"https:\\\/\\\/www.momentfisio.cat\\\/es\\\/inicio\\\/\"},{\"@type\":\"ListItem\",\"position\":2,\"name\":\"Acerca de m\u00ed\"}]},{\"@type\":\"WebSite\",\"@id\":\"https:\\\/\\\/www.momentfisio.cat\\\/es\\\/#website\",\"url\":\"https:\\\/\\\/www.momentfisio.cat\\\/es\\\/\",\"name\":\"Moment Fisioter\u00e0pia i salut\",\"description\":\"Espai de fisioter\u00e0pia i salut\",\"publisher\":{\"@id\":\"https:\\\/\\\/www.momentfisio.cat\\\/es\\\/#organization\"},\"potentialAction\":[{\"@type\":\"SearchAction\",\"target\":{\"@type\":\"EntryPoint\",\"urlTemplate\":\"https:\\\/\\\/www.momentfisio.cat\\\/es\\\/?s={search_term_string}\"},\"query-input\":{\"@type\":\"PropertyValueSpecification\",\"valueRequired\":true,\"valueName\":\"search_term_string\"}}],\"inLanguage\":\"es\"},{\"@type\":\"Organization\",\"@id\":\"https:\\\/\\\/www.momentfisio.cat\\\/es\\\/#organization\",\"name\":\"Moment\",\"url\":\"https:\\\/\\\/www.momentfisio.cat\\\/es\\\/\",\"logo\":{\"@type\":\"ImageObject\",\"inLanguage\":\"es\",\"@id\":\"https:\\\/\\\/www.momentfisio.cat\\\/es\\\/#\\\/schema\\\/logo\\\/image\\\/\",\"url\":\"https:\\\/\\\/www.momentfisio.cat\\\/wp-content\\\/uploads\\\/2024\\\/01\\\/Logo-footer.png\",\"contentUrl\":\"https:\\\/\\\/www.momentfisio.cat\\\/wp-content\\\/uploads\\\/2024\\\/01\\\/Logo-footer.png\",\"width\":286,\"height\":141,\"caption\":\"Moment\"},\"image\":{\"@id\":\"https:\\\/\\\/www.momentfisio.cat\\\/es\\\/#\\\/schema\\\/logo\\\/image\\\/\"},\"sameAs\":[\"https:\\\/\\\/www.instagram.com\\\/moment_fisio\\\/\"]}]}<\/script>\n<!-- \/ Yoast SEO plugin. -->","yoast_head_json":{"title":"Acerca de m\u00ed - Moment","robots":{"index":"index","follow":"follow","max-snippet":"max-snippet:-1","max-image-preview":"max-image-preview:large","max-video-preview":"max-video-preview:-1"},"canonical":"https:\/\/www.momentfisio.cat\/es\/acerca-de-mi\/","og_locale":"es_ES","og_type":"article","og_title":"Acerca de m\u00ed - Moment","og_description":"Acerca de m\u00ed &nbsp; &nbsp;Trayectoria profesional &nbsp; Mi nombre es M\u00f2nica Corredera Toledo, me diplom\u00e9 en fisioterapia en la Universidad de Girona en 2009 &nbsp; Desde entonces he estado trabajando en distintas consultas privadas, en un entorno siempre relacionado con la fisioterapia traumatol\u00f3gica y los procesos de rehabilitaci\u00f3n de diferentes lesiones deportivas as\u00ed como patolog\u00edas [&hellip;]","og_url":"https:\/\/www.momentfisio.cat\/es\/acerca-de-mi\/","og_site_name":"Moment","article_modified_time":"2024-08-23T12:37:10+00:00","twitter_card":"summary_large_image","twitter_misc":{"Tiempo de lectura":"7 minutos"},"schema":{"@context":"https:\/\/schema.org","@graph":[{"@type":"WebPage","@id":"https:\/\/www.momentfisio.cat\/es\/acerca-de-mi\/","url":"https:\/\/www.momentfisio.cat\/es\/acerca-de-mi\/","name":"Acerca de m\u00ed - Moment","isPartOf":{"@id":"https:\/\/www.momentfisio.cat\/es\/#website"},"datePublished":"2024-01-17T04:52:53+00:00","dateModified":"2024-08-23T12:37:10+00:00","breadcrumb":{"@id":"https:\/\/www.momentfisio.cat\/es\/acerca-de-mi\/#breadcrumb"},"inLanguage":"es","potentialAction":[{"@type":"ReadAction","target":["https:\/\/www.momentfisio.cat\/es\/acerca-de-mi\/"]}]},{"@type":"BreadcrumbList","@id":"https:\/\/www.momentfisio.cat\/es\/acerca-de-mi\/#breadcrumb","itemListElement":[{"@type":"ListItem","position":1,"name":"Inici","item":"https:\/\/www.momentfisio.cat\/es\/inicio\/"},{"@type":"ListItem","position":2,"name":"Acerca de m\u00ed"}]},{"@type":"WebSite","@id":"https:\/\/www.momentfisio.cat\/es\/#website","url":"https:\/\/www.momentfisio.cat\/es\/","name":"Moment Fisioter\u00e0pia i salut","description":"Espai de fisioter\u00e0pia i salut","publisher":{"@id":"https:\/\/www.momentfisio.cat\/es\/#organization"},"potentialAction":[{"@type":"SearchAction","target":{"@type":"EntryPoint","urlTemplate":"https:\/\/www.momentfisio.cat\/es\/?s={search_term_string}"},"query-input":{"@type":"PropertyValueSpecification","valueRequired":true,"valueName":"search_term_string"}}],"inLanguage":"es"},{"@type":"Organization","@id":"https:\/\/www.momentfisio.cat\/es\/#organization","name":"Moment","url":"https:\/\/www.momentfisio.cat\/es\/","logo":{"@type":"ImageObject","inLanguage":"es","@id":"https:\/\/www.momentfisio.cat\/es\/#\/schema\/logo\/image\/","url":"https:\/\/www.momentfisio.cat\/wp-content\/uploads\/2024\/01\/Logo-footer.png","contentUrl":"https:\/\/www.momentfisio.cat\/wp-content\/uploads\/2024\/01\/Logo-footer.png","width":286,"height":141,"caption":"Moment"},"image":{"@id":"https:\/\/www.momentfisio.cat\/es\/#\/schema\/logo\/image\/"},"sameAs":["https:\/\/www.instagram.com\/moment_fisio\/"]}]}},"_links":{"self":[{"href":"https:\/\/www.momentfisio.cat\/es\/wp-json\/wp\/v2\/pages\/161","targetHints":{"allow":["GET"]}}],"collection":[{"href":"https:\/\/www.momentfisio.cat\/es\/wp-json\/wp\/v2\/pages"}],"about":[{"href":"https:\/\/www.momentfisio.cat\/es\/wp-json\/wp\/v2\/types\/page"}],"author":[{"embeddable":true,"href":"https:\/\/www.momentfisio.cat\/es\/wp-json\/wp\/v2\/users\/1"}],"replies":[{"embeddable":true,"href":"https:\/\/www.momentfisio.cat\/es\/wp-json\/wp\/v2\/comments?post=161"}],"version-history":[{"count":0,"href":"https:\/\/www.momentfisio.cat\/es\/wp-json\/wp\/v2\/pages\/161\/revisions"}],"wp:attachment":[{"href":"https:\/\/www.momentfisio.cat\/es\/wp-json\/wp\/v2\/media?parent=161"}],"curies":[{"name":"wp","href":"https:\/\/api.w.org\/{rel}","templated":true}]}}